{"id":373,"date":"2018-03-15T10:19:02","date_gmt":"2018-03-15T09:19:02","guid":{"rendered":"http:\/\/siderruta.no\/gardane\/"},"modified":"2026-01-29T12:12:26","modified_gmt":"2026-01-29T11:12:26","slug":"the-farms","status":"publish","type":"page","link":"https:\/\/siderruta.no\/en\/the-farms\/","title":{"rendered":"The farms"},"content":{"rendered":"<h1>\n\t\tThe farms\n\t<\/h1>\n\t<p>Lekve &#8211; Syse &#8211; Hakastad<\/p>\n\t\t\t\t<a href=\"http:\/\/siderruta.no\/en\/hardanger-saft-og-siderfabrikk\/\" target=\"_self\" itemprop=\"url\" rel=\"noopener noreferrer\">\n\t\t\t\t<img loading=\"lazy\" decoding=\"async\" src=\"https:\/\/siderruta.no\/wp-content\/uploads\/2018\/03\/lekve-gard_plukking-1024x683.jpg\" alt=\"Lekve gard Epleplukking\" itemprop=\"image\" height=\"683\" width=\"1024\" title=\"Lekve gard Epleplukking\" onerror=\"this.style.display='none'\"  \/>\n\t\t\t\t<\/a>\n<h2><a href=\"http:\/\/siderruta.no\/en\/hardanger-saft-og-siderfabrikk\/\" target=\"_self\" rel=\"noopener noreferrer\">Hardanger Saft- og Siderfabrikk<\/a><\/h2>\t\t\n\t\t\t<p>The fruit farm at Lekve produce apple juice, cider and brandy. Larger groups can pre-book lunch and dinner. You may purchase cider and apple juice in the farm shop.<\/p>\n<p><strong>Lekve farm by Nils J. Lekve<\/strong><\/p>\n\t\t\t<a href=\"http:\/\/siderruta.no\/en\/hardanger-saft-og-siderfabrikk\/\" target=\"_self\" role=\"button\" rel=\"noopener noreferrer\">\n\t\t\t\t\t\t\tRead more\n\t\t\t\t\t<\/a>\n\t\t\t\t<a href=\"http:\/\/siderruta.no\/en\/syse-gard\/\" target=\"_self\" itemprop=\"url\" rel=\"noopener noreferrer\">\n\t\t\t\t<img loading=\"lazy\" decoding=\"async\" src=\"https:\/\/siderruta.no\/wp-content\/uploads\/2018\/03\/syse-plukking-1024x685.jpg\" alt=\"syse-plukking\" itemprop=\"image\" height=\"685\" width=\"1024\" title=\"syse-plukking\" onerror=\"this.style.display='none'\"  \/>\n\t\t\t\t<\/a>\n<h2><a href=\"http:\/\/siderruta.no\/en\/syse-gard\/\" target=\"_self\" rel=\"noopener noreferrer\">Syse gard<\/a><\/h2>\t\t\n\t\t\t<p>Syse Gard is a western fruit and sheep farm with 70 winterfed sheep. This farm is also a Economuseum for fruit and fruit preservation. You can buy preserved fruit, lamb, apple juice and cider in the farm shop.<\/p>\n<p><strong>By Gro Tveit Uglenes og Hans Uglenes<\/strong><\/p>\n\t\t\t<a href=\"http:\/\/siderruta.no\/en\/syse-gard\/\" target=\"_self\" role=\"button\" rel=\"noopener noreferrer\">\n\t\t\t\t\t\t\tRead more\n\t\t\t\t\t<\/a>\n\t\t\t\t<a href=\"http:\/\/siderruta.no\/en\/ulvik-frukt-og-cideri\" target=\"_self\" itemprop=\"url\" rel=\"noopener noreferrer\">\n\t\t\t\t<img loading=\"lazy\" decoding=\"async\" src=\"https:\/\/siderruta.no\/wp-content\/uploads\/2018\/03\/hakastadparet-foto-perfinne-1024x683.jpg\" alt=\"hakastadparet-foto-perfinne\" itemprop=\"image\" height=\"683\" width=\"1024\" title=\"hakastadparet-foto-perfinne\" onerror=\"this.style.display='none'\"  \/>\n\t\t\t\t<\/a>\n<h2><a href=\"http:\/\/siderruta.no\/en\/ulvik-frukt-og-cideri\" target=\"_self\" rel=\"noopener noreferrer\">Ulvik Frukt &#038; Cideri<\/a><\/h2>\t\t\n\t\t\t<p>A family farm growing over 20 types of apples and sweet cherries. Apples are preserved to different types of apple juice, cider and apple vinegar. These products are available in the farm shop, in addition to fresh seasonal apples and cherries.<\/p>\n<p><strong>By Torbj\u00f8rg Austrud and Asbj\u00f8rn B\u00f8rsheim<\/strong><\/p>\n\t\t\t<a href=\"http:\/\/siderruta.no\/en\/ulvik-frukt-og-cideri\" target=\"_self\" role=\"button\" rel=\"noopener noreferrer\">\n\t\t\t\t\t\t\tRead more\n\t\t\t\t\t<\/a>\n\t\t\t\t<a href=\"http:\/\/www.hardanger.com\/framsida\" target=\"_blank\" rel=\"noopener noreferrer\"  itemprop=\"url\">\n\t\t\t\t<img loading=\"lazy\" decoding=\"async\" src=\"https:\/\/siderruta.no\/wp-content\/uploads\/2018\/03\/logo-hardanger-300x89.png\" alt=\"logo-hardanger\" itemprop=\"image\" height=\"89\" width=\"300\" title=\"logo-hardanger\" onerror=\"this.style.display='none'\"  \/>\n\t\t\t\t<\/a>\n\t<p>The only fruit- and cider-route is located in Ulvik, Hardanger. Three farms &#8211; several unique experiences from farm to farm. Guided tours are available for pre-booked groups with a minimum of 10 persons. The tour takes about one hour.<\/p>\n<p>The farms have sales-permissions for cider and farm products.<\/p>\n<p>Like us at Facebook: <a href=\"https:\/\/www.facebook.com\/siderruta\" target=\"_blank\" rel=\"noopener noreferrer\">Frukt og siderruta<\/a><\/p>\n\t\t\t<a href=\"https:\/\/www.google.co.uk\/maps\/search\/siderruta\/@60.5748782,6.943383,16z\" target=\"_blank\" role=\"button\" rel=\"noopener noreferrer\" >\n\t\t\t\t\t\tView in Google Maps\n\t\t\t\t\t<\/a>\n\t\t\t\t<a href=\"https:\/\/siderruta.no\/wp-content\/uploads\/2018\/03\/siderruta-kart.jpg\" target=\"_self\" itemprop=\"url\" rel=\"noopener noreferrer\">\n\t\t\t\t<img loading=\"lazy\" decoding=\"async\" src=\"https:\/\/siderruta.no\/wp-content\/uploads\/2018\/03\/siderruta-kart.jpg\" alt=\"siderruta-kart\" itemprop=\"image\" height=\"830\" width=\"1024\" title=\"siderruta-kart\" onerror=\"this.style.display='none'\"  \/>\n\t\t\t\t<\/a>\n<h1>\n\t\tGuided farm tours\n\t<\/h1>\n\tAll the farms offer guided tours for pre-booked groups, with tastings of each farms unique products. Cider and farm products are available in the farm shops. Between them, they make sure to provide unique experiences from farm to farm.<br \/>\n\n\t\t\t<a href=\"\/\/siderruta.no\/omvisning\/\" target=\"_self\" role=\"button\" rel=\"noopener noreferrer\">\n\t\t\t\t\t\t\tRead more\n\t\t\t\t\t<\/a>\n","protected":false},"excerpt":{"rendered":"<p>The farms Lekve &#8211; Syse &#8211; Hakastad Hardanger Saft- og Siderfabrikk The fruit farm at Lekve produce apple juice, cider and brandy. Larger groups can pre-book lunch and dinner. You may purchase cider and apple juice in the farm shop. Lekve farm by Nils J. Lekve Read more Syse gard Syse Gard is a western&hellip;<\/p>\n","protected":false},"author":1,"featured_media":0,"parent":0,"menu_order":0,"comment_status":"closed","ping_status":"closed","template":"","meta":{"footnotes":""},"class_list":["post-373","page","type-page","status-publish","hentry"],"_links":{"self":[{"href":"https:\/\/siderruta.no\/en\/wp-json\/wp\/v2\/pages\/373","targetHints":{"allow":["GET"]}}],"collection":[{"href":"https:\/\/siderruta.no\/en\/wp-json\/wp\/v2\/pages"}],"about":[{"href":"https:\/\/siderruta.no\/en\/wp-json\/wp\/v2\/types\/page"}],"author":[{"embeddable":true,"href":"https:\/\/siderruta.no\/en\/wp-json\/wp\/v2\/users\/1"}],"replies":[{"embeddable":true,"href":"https:\/\/siderruta.no\/en\/wp-json\/wp\/v2\/comments?post=373"}],"version-history":[{"count":4,"href":"https:\/\/siderruta.no\/en\/wp-json\/wp\/v2\/pages\/373\/revisions"}],"predecessor-version":[{"id":451,"href":"https:\/\/siderruta.no\/en\/wp-json\/wp\/v2\/pages\/373\/revisions\/451"}],"wp:attachment":[{"href":"https:\/\/siderruta.no\/en\/wp-json\/wp\/v2\/media?parent=373"}],"curies":[{"name":"wp","href":"https:\/\/api.w.org\/{rel}","templated":true}]}}